{"id":129,"date":"2025-02-13T09:00:02","date_gmt":"2025-02-13T08:00:02","guid":{"rendered":"https:\/\/ckz.zsgsucha.pl\/?page_id=129"},"modified":"2025-02-13T18:23:02","modified_gmt":"2025-02-13T17:23:02","slug":"druk-3d","status":"publish","type":"page","link":"https:\/\/ckz.zsgsucha.pl\/index.php\/druk-3d\/","title":{"rendered":"Druk 3D"},"content":{"rendered":"\t\t<div data-elementor-type=\"wp-page\" data-elementor-id=\"129\" class=\"elementor elementor-129\">\n\t\t\t\t<div class=\"elementor-element elementor-element-677e9e83 e-flex e-con-boxed e-con e-parent\" data-id=\"677e9e83\" data-element_type=\"container\">\n\t\t\t\t\t<div class=\"e-con-inner\">\n\t\t\t\t<div class=\"elementor-element elementor-element-61893d1 elementor-widget elementor-widget-text-editor\" data-id=\"61893d1\" data-element_type=\"widget\" data-widget_type=\"text-editor.default\">\n\t\t\t\t<div class=\"elementor-widget-container\">\n\t\t\t\t\t\t\t\t\t\n<p>Nasi uczniowie pod okien nauczycieli przygotuj\u0105 dla Pa\u0144stwa projekt oraz wykonaj\u0105 wydruk w technologii FDM na drukarce Prusa i3MK3. W ofercie posiadamy kilka kolorowych filament\u00f3w:<br>&#8211; bia\u0142y, <br>&#8211; srebrny,<br>&#8211; czarny,<br>&#8211; zielony,<br>&#8211; \u017c\u00f3\u0142ty,<br>&#8211; czerwony.<br><strong>Koszt projektu i wydruku ustalany jest indywidualnie.<\/strong><\/p>\n\n\n\n<p>Telefon kontaktowy: <br>Iwona Kudzia-Tkaczyk           <strong>664467594<\/strong><\/p>\n\n\n\n<p>Galeria:<\/p>\n\n\n\n<figure class=\"wp-block-gallery has-nested-images columns-default is-cropped wp-block-gallery-2 is-layout-flex wp-block-gallery-is-layout-flex\"><\/figure>\n\t\t\t\t\t\t\t\t<\/div>\n\t\t\t\t<\/div>\n\t\t\t\t<div class=\"elementor-element elementor-element-45183c5 elementor-widget elementor-widget-image-gallery\" data-id=\"45183c5\" data-element_type=\"widget\" data-widget_type=\"image-gallery.default\">\n\t\t\t\t<div class=\"elementor-widget-container\">\n\t\t\t\t\t\t\t<div class=\"elementor-image-gallery\">\n\t\t\t\n\t\t<style type=\"text\/css\">\n\t\t\t#gallery-1 {\n\t\t\t\tmargin: auto;\n\t\t\t}\n\t\t\t#gallery-1 .gallery-item {\n\t\t\t\tfloat: left;\n\t\t\t\tmargin-top: 10px;\n\t\t\t\ttext-align: center;\n\t\t\t\twidth: 20%;\n\t\t\t}\n\t\t\t#gallery-1 img {\n\t\t\t\tborder: 2px solid #cfcfcf;\n\t\t\t}\n\t\t\t#gallery-1 .gallery-caption {\n\t\t\t\tmargin-left: 0;\n\t\t\t}\n\t\t\t\/* see gallery_shortcode() in wp-includes\/media.php *\/\n\t\t<\/style>\n\t\t<div id='gallery-1' class='gallery galleryid-129 gallery-columns-5 gallery-size-thumbnail'><dl class='gallery-item'>\n\t\t\t<dt class='gallery-icon portrait'>\n\t\t\t\t<a data-elementor-open-lightbox=\"yes\" data-elementor-lightbox-slideshow=\"45183c5\" data-elementor-lightbox-title=\"WhatsApp Image 2025-02-13 at 18.17.36\" data-e-action-hash=\"#elementor-action%3Aaction%3Dlightbox%26settings%3DeyJpZCI6MTQ0LCJ1cmwiOiJodHRwczpcL1wvY2t6LnpzZ3N1Y2hhLnBsXC93cC1jb250ZW50XC91cGxvYWRzXC8yMDI1XC8wMlwvV2hhdHNBcHAtSW1hZ2UtMjAyNS0wMi0xMy1hdC0xOC4xNy4zNi5qcGVnIiwic2xpZGVzaG93IjoiNDUxODNjNSJ9\" href='https:\/\/ckz.zsgsucha.pl\/wp-content\/uploads\/2025\/02\/WhatsApp-Image-2025-02-13-at-18.17.36.jpeg'><img decoding=\"async\" width=\"150\" height=\"150\" src=\"https:\/\/ckz.zsgsucha.pl\/wp-content\/uploads\/2025\/02\/WhatsApp-Image-2025-02-13-at-18.17.36-150x150.jpeg\" class=\"attachment-thumbnail size-thumbnail\" alt=\"\" \/><\/a>\n\t\t\t<\/dt><\/dl><dl class='gallery-item'>\n\t\t\t<dt class='gallery-icon portrait'>\n\t\t\t\t<a data-elementor-open-lightbox=\"yes\" data-elementor-lightbox-slideshow=\"45183c5\" data-elementor-lightbox-title=\"WhatsApp Image 2025-02-13 at 18.17.37 (1)\" data-e-action-hash=\"#elementor-action%3Aaction%3Dlightbox%26settings%3DeyJpZCI6MTQzLCJ1cmwiOiJodHRwczpcL1wvY2t6LnpzZ3N1Y2hhLnBsXC93cC1jb250ZW50XC91cGxvYWRzXC8yMDI1XC8wMlwvV2hhdHNBcHAtSW1hZ2UtMjAyNS0wMi0xMy1hdC0xOC4xNy4zNy0xLmpwZWciLCJzbGlkZXNob3ciOiI0NTE4M2M1In0%3D\" href='https:\/\/ckz.zsgsucha.pl\/wp-content\/uploads\/2025\/02\/WhatsApp-Image-2025-02-13-at-18.17.37-1.jpeg'><img decoding=\"async\" width=\"150\" height=\"150\" src=\"https:\/\/ckz.zsgsucha.pl\/wp-content\/uploads\/2025\/02\/WhatsApp-Image-2025-02-13-at-18.17.37-1-150x150.jpeg\" class=\"attachment-thumbnail size-thumbnail\" alt=\"\" \/><\/a>\n\t\t\t<\/dt><\/dl><dl class='gallery-item'>\n\t\t\t<dt class='gallery-icon portrait'>\n\t\t\t\t<a data-elementor-open-lightbox=\"yes\" data-elementor-lightbox-slideshow=\"45183c5\" data-elementor-lightbox-title=\"WhatsApp Image 2025-02-13 at 18.17.37\" data-e-action-hash=\"#elementor-action%3Aaction%3Dlightbox%26settings%3DeyJpZCI6MTQyLCJ1cmwiOiJodHRwczpcL1wvY2t6LnpzZ3N1Y2hhLnBsXC93cC1jb250ZW50XC91cGxvYWRzXC8yMDI1XC8wMlwvV2hhdHNBcHAtSW1hZ2UtMjAyNS0wMi0xMy1hdC0xOC4xNy4zNy5qcGVnIiwic2xpZGVzaG93IjoiNDUxODNjNSJ9\" href='https:\/\/ckz.zsgsucha.pl\/wp-content\/uploads\/2025\/02\/WhatsApp-Image-2025-02-13-at-18.17.37.jpeg'><img decoding=\"async\" width=\"150\" height=\"150\" src=\"https:\/\/ckz.zsgsucha.pl\/wp-content\/uploads\/2025\/02\/WhatsApp-Image-2025-02-13-at-18.17.37-150x150.jpeg\" class=\"attachment-thumbnail size-thumbnail\" alt=\"\" \/><\/a>\n\t\t\t<\/dt><\/dl><dl class='gallery-item'>\n\t\t\t<dt class='gallery-icon portrait'>\n\t\t\t\t<a data-elementor-open-lightbox=\"yes\" data-elementor-lightbox-slideshow=\"45183c5\" data-elementor-lightbox-title=\"WhatsApp Image 2025-02-13 at 18.17.37 (2)\" data-e-action-hash=\"#elementor-action%3Aaction%3Dlightbox%26settings%3DeyJpZCI6MTQxLCJ1cmwiOiJodHRwczpcL1wvY2t6LnpzZ3N1Y2hhLnBsXC93cC1jb250ZW50XC91cGxvYWRzXC8yMDI1XC8wMlwvV2hhdHNBcHAtSW1hZ2UtMjAyNS0wMi0xMy1hdC0xOC4xNy4zNy0yLmpwZWciLCJzbGlkZXNob3ciOiI0NTE4M2M1In0%3D\" href='https:\/\/ckz.zsgsucha.pl\/wp-content\/uploads\/2025\/02\/WhatsApp-Image-2025-02-13-at-18.17.37-2.jpeg'><img loading=\"lazy\" decoding=\"async\" width=\"150\" height=\"150\" src=\"https:\/\/ckz.zsgsucha.pl\/wp-content\/uploads\/2025\/02\/WhatsApp-Image-2025-02-13-at-18.17.37-2-150x150.jpeg\" class=\"attachment-thumbnail size-thumbnail\" alt=\"\" \/><\/a>\n\t\t\t<\/dt><\/dl><dl class='gallery-item'>\n\t\t\t<dt class='gallery-icon portrait'>\n\t\t\t\t<a data-elementor-open-lightbox=\"yes\" data-elementor-lightbox-slideshow=\"45183c5\" data-elementor-lightbox-title=\"WhatsApp Image 2025-02-13 at 18.17.37 (3)\" data-e-action-hash=\"#elementor-action%3Aaction%3Dlightbox%26settings%3DeyJpZCI6MTQwLCJ1cmwiOiJodHRwczpcL1wvY2t6LnpzZ3N1Y2hhLnBsXC93cC1jb250ZW50XC91cGxvYWRzXC8yMDI1XC8wMlwvV2hhdHNBcHAtSW1hZ2UtMjAyNS0wMi0xMy1hdC0xOC4xNy4zNy0zLmpwZWciLCJzbGlkZXNob3ciOiI0NTE4M2M1In0%3D\" href='https:\/\/ckz.zsgsucha.pl\/wp-content\/uploads\/2025\/02\/WhatsApp-Image-2025-02-13-at-18.17.37-3.jpeg'><img loading=\"lazy\" decoding=\"async\" width=\"150\" height=\"150\" src=\"https:\/\/ckz.zsgsucha.pl\/wp-content\/uploads\/2025\/02\/WhatsApp-Image-2025-02-13-at-18.17.37-3-150x150.jpeg\" class=\"attachment-thumbnail size-thumbnail\" alt=\"\" \/><\/a>\n\t\t\t<\/dt><\/dl><br style=\"clear: both\" \/>\n\t\t<\/div>\n\t\t<\/div>\n\t\t\t\t\t\t<\/div>\n\t\t\t\t<\/div>\n\t\t\t\t\t<\/div>\n\t\t\t\t<\/div>\n\t\t\t\t<\/div>\n\t\t","protected":false},"excerpt":{"rendered":"<p>Nasi uczniowie pod okien nauczycieli przygotuj\u0105 dla Pa\u0144stwa projekt oraz wykonaj\u0105 wydruk w technologii FDM na drukarce Prusa i3MK3. W ofercie posiadamy kilka kolorowych filament\u00f3w:&#8211; bia\u0142y, &#8211; srebrny,&#8211; czarny,&#8211; zielony,&#8211; \u017c\u00f3\u0142ty,&#8211; czerwony.Koszt projektu i wydruku ustalany jest indywidualnie. Telefon kontaktowy: Iwona Kudzia-Tkaczyk 664467594 Galeria:<\/p>\n","protected":false},"author":2,"featured_media":0,"parent":0,"menu_order":0,"comment_status":"closed","ping_status":"closed","template":"","meta":{"_themeisle_gutenberg_block_has_review":false,"footnotes":""},"class_list":["post-129","page","type-page","status-publish","hentry"],"_links":{"self":[{"href":"https:\/\/ckz.zsgsucha.pl\/index.php\/wp-json\/wp\/v2\/pages\/129","targetHints":{"allow":["GET"]}}],"collection":[{"href":"https:\/\/ckz.zsgsucha.pl\/index.php\/wp-json\/wp\/v2\/pages"}],"about":[{"href":"https:\/\/ckz.zsgsucha.pl\/index.php\/wp-json\/wp\/v2\/types\/page"}],"author":[{"embeddable":true,"href":"https:\/\/ckz.zsgsucha.pl\/index.php\/wp-json\/wp\/v2\/users\/2"}],"replies":[{"embeddable":true,"href":"https:\/\/ckz.zsgsucha.pl\/index.php\/wp-json\/wp\/v2\/comments?post=129"}],"version-history":[{"count":5,"href":"https:\/\/ckz.zsgsucha.pl\/index.php\/wp-json\/wp\/v2\/pages\/129\/revisions"}],"predecessor-version":[{"id":149,"href":"https:\/\/ckz.zsgsucha.pl\/index.php\/wp-json\/wp\/v2\/pages\/129\/revisions\/149"}],"wp:attachment":[{"href":"https:\/\/ckz.zsgsucha.pl\/index.php\/wp-json\/wp\/v2\/media?parent=129"}],"curies":[{"name":"wp","href":"https:\/\/api.w.org\/{rel}","templated":true}]}}