{"id":31,"date":"2025-02-12T10:03:16","date_gmt":"2025-02-12T09:03:16","guid":{"rendered":"https:\/\/ckz.zsgsucha.pl\/?page_id=31"},"modified":"2026-03-16T16:03:28","modified_gmt":"2026-03-16T15:03:28","slug":"oferta-ckz","status":"publish","type":"page","link":"https:\/\/ckz.zsgsucha.pl\/index.php\/oferta-ckz\/","title":{"rendered":"Do pobrania"},"content":{"rendered":"\t\t<div data-elementor-type=\"wp-page\" data-elementor-id=\"31\" class=\"elementor elementor-31\">\n\t\t\t\t<div class=\"elementor-element elementor-element-40860ce0 e-flex e-con-boxed e-con e-parent\" data-id=\"40860ce0\" data-element_type=\"container\">\n\t\t\t\t\t<div class=\"e-con-inner\">\n\t\t\t\t<div class=\"elementor-element elementor-element-4e2e73f2 elementor-widget elementor-widget-text-editor\" data-id=\"4e2e73f2\" data-element_type=\"widget\" data-widget_type=\"text-editor.default\">\n\t\t\t\t<div class=\"elementor-widget-container\">\n\t\t\t\t\t\t\t\t\t<h4>DOKUMENTY REKRUTACYJNE DO STA\u017bY UCZNIOWSKICH<\/h4>\n<p><a href=\"https:\/\/ckz.zsgsucha.pl\/wp-content\/uploads\/2025\/05\/Regulamin-rekrutacji-na-staze-2025.pdf\">REGULAMIN REKRUTACJI DO STA\u017bU WAKACYJNEGO<\/a><\/p>\n<p><a href=\"https:\/\/ckz.zsgsucha.pl\/wp-content\/uploads\/2026\/03\/Formularz-zgloszeniowy-na-staz.pdf\">FORMULARZ ZG\u0141OSZENIOWY NA STA\u017b UCZNIOWSKI<\/a><\/p>\n<p><a href=\"https:\/\/ckz.zsgsucha.pl\/wp-content\/uploads\/2026\/03\/Zaswiadczenie_dyrektora_staze.pdf\">ZA\u015aWIADCZENIE DYREKTORA<\/a><\/p>\n<p><a href=\"https:\/\/ckz.zsgsucha.pl\/wp-content\/uploads\/2025\/05\/Deklaracja-uczestnictwa-w-stazu.pdf\">DEKLARACJA UCZESTNICTWA W STA\u017bU<\/a><\/p>\n<p><a href=\"https:\/\/ckz.zsgsucha.pl\/wp-content\/uploads\/2025\/05\/Zakres-danych-osobowych-staz.pdf\">ZAKRES DANYCH OSOBOWYCH<\/a><\/p>\n<p><a href=\"https:\/\/ckz.zsgsucha.pl\/wp-content\/uploads\/2025\/05\/Oswiadczenie-uczestnika-stazu.pdf\">O\u015aWIADCZENIE UCZESTNIKA STA\u017bU<\/a><\/p>\n<p><a href=\"https:\/\/ckz.zsgsucha.pl\/wp-content\/uploads\/2025\/05\/Zgoda-na-wizerunek-staz.pdf\">ZGODA NA WIZERUNEK<\/a>\u00a0<\/p>\n<p><a href=\"https:\/\/ckz.zsgsucha.pl\/wp-content\/uploads\/2025\/05\/Rezygnacja-udzialu-w-stazu.pdf\">REZYGNACJA Z UDZIA\u0141U W STA\u017bU<\/a><\/p>\n<p>&#8212;&#8212;&#8212;&#8212;&#8212;&#8212;&#8212;&#8212;&#8212;&#8212;&#8212;&#8212;&#8212;&#8212;&#8212;&#8212;&#8212;&#8212;&#8212;&#8212;&#8212;&#8212;&#8212;&#8212;&#8212;&#8212;&#8211;<\/p>\n<p><\/p>\n<p><\/p>\n<h4><a href=\"https:\/\/ckz.zsgsucha.pl\/wp-content\/uploads\/2025\/02\/Regulamin-rekrutacji-kursy-CKZIII-21.02.2025r.pdf\"><strong>REGULAMIN REKRUTACJI<\/strong> KURSY PDF<\/a><br \/><a href=\"https:\/\/ckz.zsgsucha.pl\/wp-content\/uploads\/2025\/02\/Deklaracja_wzmocnienie_III.pdf\"><\/a><\/h4>\n<h4>DOKUMENTY DLA UCZNI\u00d3W DO KURS\u00d3W:<\/h4>\n<h4>Dokumenty rekrutacyjne do udzia\u0142u w projekcie\u00a0 \/PDF, wydruk czarno-bia\u0142y\/:<br \/><a href=\"https:\/\/ckz.zsgsucha.pl\/wp-content\/uploads\/2025\/02\/Formularz_wzmocnienie_III.pdf\">Za\u0142. nr 1 do Regulaminu rekr.\u00a0 \u00a0 \u00a0Formularz zg\u0142oszeniowy dla uczestnika projektu<\/a><br \/><a href=\"https:\/\/ckz.zsgsucha.pl\/wp-content\/uploads\/2025\/02\/Zaswiadczenie-Zalacznik-nr-2-do-Regulamin-rekrutacji-i-uczestnictwa-w-projektach.pdf\">Za\u0142. nr 2 do Regulaminu rekr.\u00a0 \u00a0 Za\u015bwiadczenie Dyrektora Szko\u0142y<\/a><br \/><a href=\"https:\/\/ckz.zsgsucha.pl\/wp-content\/uploads\/2025\/02\/Deklaracja_wzmocnienie_III.pdf\">Za\u0142. nr 3 do Regulaminu\u00a0 rekr.\u00a0 \u00a0Deklaracja uczestnictwa w projekcie<\/a><br \/><a href=\"https:\/\/ckz.zsgsucha.pl\/wp-content\/uploads\/2025\/02\/Rezygnacja_z_udzialu_w_projekcie_wzmocnienie_III.pdf\">Za\u0142. nr 4 do Regulaminu rekr.\u00a0 \u00a0 \u00a0Rezygnacja z udzia\u0142u w projekcie<\/a><br \/><a href=\"https:\/\/ckz.zsgsucha.pl\/wp-content\/uploads\/2025\/02\/Oswiadczenie_uczestnika_projektu_wzmocnienie_III.pdf\">Za\u0142. nr 1 do Deklaracji uczestn.\u00a0 \u00a0 \u00a0 O\u015bwiadczenie uczestnika kursu<\/a><br \/><a href=\"https:\/\/ckz.zsgsucha.pl\/wp-content\/uploads\/2025\/02\/Zakres_danych_osobowych_wzmocnenie_III.pdf\">Za\u0142. nr 2 do Deklaracji uczestn.\u00a0 \u00a0 Zakres danych osobowych <\/a><br \/><a href=\"https:\/\/ckz.zsgsucha.pl\/wp-content\/uploads\/2025\/02\/Zgoda_na_wizerunek_wzmocnienie_III.pdf\">Za\u0142. nr 3 do Deklaracji uczestn.\u00a0 \u00a0 Zgoda na wizerunek<\/a><br \/><a href=\"https:\/\/ckz.zsgsucha.pl\/wp-content\/uploads\/2025\/02\/Tabela-dodatkowe-kryteria-w-przypadku-wiekszej-liczby-uczniow.pdf\">Tabela &#8211; dodatkowe kryteria w przypadku wi\u0119kszej liczby uczni\u00f3w<\/a><br \/><a href=\"https:\/\/ckz.zsgsucha.pl\/wp-content\/uploads\/2025\/04\/ZGODA-rodzicow-na-udzial-dziecka-w-wycieczce-szkolnej-OPEL.pdf\">Zgoda na\u00a0 wycieczk\u0119 OPEL<\/a><br \/><a href=\"https:\/\/ckz.zsgsucha.pl\/wp-content\/uploads\/2025\/04\/ZGODA-rodzicow-na-udzial-dziecka-w-wycieczce-szkolnej-ASTOR.pdf\">Zgoda na wycieczk\u0119 ASTOR<\/a><br \/><a href=\"https:\/\/ckz.zsgsucha.pl\/wp-content\/uploads\/2025\/04\/Regulamin-wycieczki-zawodoznawczej.pdf\">REGULAMIN WYCIECZKI ZAWODOZNAWCZEJ\/ WARSZTAT\u00d3W WYJAZDOWYCH<\/a><\/h4>\n<h4><\/h4>\n<h4>DOKUMENTY DLA NAUCZYCIELI W PROJEKCIE\u00a0 \u00a0\/DOC:<\/h4>\n<h4><a href=\"https:\/\/ckz.zsgsucha.pl\/wp-content\/uploads\/2026\/03\/Regulamin-rekutacji-27.01.2026-r.pdf\">Regulamin rekrutacji wraz z dokumentacj\u0105 rekrutacyjn\u0105<\/a><\/h4>\n<h4><a href=\"https:\/\/ckz.zsgsucha.pl\/wp-content\/uploads\/2025\/02\/Informacja-o-miejscu-prowadzenia-zajec.doc\">Informacja o\u00a0 miejscu prowadzenia zaj\u0119\u0107<\/a><br \/><a href=\"https:\/\/ckz.zsgsucha.pl\/wp-content\/uploads\/2025\/02\/Miesieczna-karta-czasu-pracy.doc\">Miesi\u0119czna karta czasu pracy<\/a><br \/><a href=\"https:\/\/ckz.zsgsucha.pl\/wp-content\/uploads\/2025\/02\/Oswiadczenie-art.-35a-KN.docx\">O\u015bwiadczenie art. 35a KN<\/a><br \/><a href=\"https:\/\/ckz.zsgsucha.pl\/wp-content\/uploads\/2025\/02\/Oswiadczenie-dot.-zatrudnienia.docx\">O\u015bwiadczenie dotycz\u0105ce zatrudnienia<\/a><br \/><a href=\"https:\/\/ckz.zsgsucha.pl\/wp-content\/uploads\/2025\/02\/porozumienie.docx\">Porozumienie &#8211; wz\u00f3r<\/a><br \/><a href=\"https:\/\/ckz.zsgsucha.pl\/wp-content\/uploads\/2025\/02\/upowaznienie-do-przetwarzania-danych.docx\">Upowa\u017cnienie do przetwarzania danych<\/a><br \/><a href=\"https:\/\/ckz.zsgsucha.pl\/wp-content\/uploads\/2025\/02\/zakres-czynnosci.doc\">Zakres czynno\u015bci<\/a><br \/><a href=\"https:\/\/ckz.zsgsucha.pl\/wp-content\/uploads\/2025\/02\/wzor-pisma-mono.docx\">Wz\u00f3r pisma mono<\/a><br \/><a href=\"https:\/\/ckz.zsgsucha.pl\/wp-content\/uploads\/2025\/02\/wzor-pisma-1.docx\">Wz\u00f3r pisma kolor<\/a><\/h4>\n<p><!-- \/wp:paragraph --><!-- wp:paragraph --><\/p>\n<p><!-- \/wp:paragraph --><!-- wp:paragraph --><\/p>\n<p><!-- \/wp:paragraph --><!-- wp:paragraph --><\/p>\n<p><!-- \/wp:paragraph --><!-- wp:paragraph --><\/p>\n<p><!-- \/wp:paragraph --><\/p>\t\t\t\t\t\t\t\t<\/div>\n\t\t\t\t<\/div>\n\t\t\t\t\t<\/div>\n\t\t\t\t<\/div>\n\t\t\t\t<\/div>\n\t\t","protected":false},"excerpt":{"rendered":"<p>DOKUMENTY REKRUTACYJNE DO STA\u017bY UCZNIOWSKICH REGULAMIN REKRUTACJI DO STA\u017bU WAKACYJNEGO FORMULARZ ZG\u0141OSZENIOWY NA STA\u017b UCZNIOWSKI ZA\u015aWIADCZENIE DYREKTORA DEKLARACJA UCZESTNICTWA W STA\u017bU ZAKRES DANYCH OSOBOWYCH O\u015aWIADCZENIE UCZESTNIKA STA\u017bU ZGODA NA WIZERUNEK\u00a0 REZYGNACJA Z UDZIA\u0141U W STA\u017bU &#8212;&#8212;&#8212;&#8212;&#8212;&#8212;&#8212;&#8212;&#8212;&#8212;&#8212;&#8212;&#8212;&#8212;&#8212;&#8212;&#8212;&#8212;&#8212;&#8212;&#8212;&#8212;&#8212;&#8212;&#8212;&#8212;&#8211; REGULAMIN REKRUTACJI KURSY PDF DOKUMENTY DLA UCZNI\u00d3W DO KURS\u00d3W: Dokumenty rekrutacyjne do udzia\u0142u w [&hellip;]<\/p>\n","protected":false},"author":1,"featured_media":0,"parent":0,"menu_order":0,"comment_status":"closed","ping_status":"closed","template":"","meta":{"_themeisle_gutenberg_block_has_review":false,"footnotes":""},"class_list":["post-31","page","type-page","status-publish","hentry"],"_links":{"self":[{"href":"https:\/\/ckz.zsgsucha.pl\/index.php\/wp-json\/wp\/v2\/pages\/31","targetHints":{"allow":["GET"]}}],"collection":[{"href":"https:\/\/ckz.zsgsucha.pl\/index.php\/wp-json\/wp\/v2\/pages"}],"about":[{"href":"https:\/\/ckz.zsgsucha.pl\/index.php\/wp-json\/wp\/v2\/types\/page"}],"author":[{"embeddable":true,"href":"https:\/\/ckz.zsgsucha.pl\/index.php\/wp-json\/wp\/v2\/users\/1"}],"replies":[{"embeddable":true,"href":"https:\/\/ckz.zsgsucha.pl\/index.php\/wp-json\/wp\/v2\/comments?post=31"}],"version-history":[{"count":121,"href":"https:\/\/ckz.zsgsucha.pl\/index.php\/wp-json\/wp\/v2\/pages\/31\/revisions"}],"predecessor-version":[{"id":1095,"href":"https:\/\/ckz.zsgsucha.pl\/index.php\/wp-json\/wp\/v2\/pages\/31\/revisions\/1095"}],"wp:attachment":[{"href":"https:\/\/ckz.zsgsucha.pl\/index.php\/wp-json\/wp\/v2\/media?parent=31"}],"curies":[{"name":"wp","href":"https:\/\/api.w.org\/{rel}","templated":true}]}}