{"id":434,"date":"2025-02-15T09:49:38","date_gmt":"2025-02-15T08:49:38","guid":{"rendered":"https:\/\/ckz.zsgsucha.pl\/?page_id=434"},"modified":"2025-02-15T19:53:28","modified_gmt":"2025-02-15T18:53:28","slug":"uslugi-spawalnicze","status":"publish","type":"page","link":"https:\/\/ckz.zsgsucha.pl\/index.php\/uslugi-spawalnicze\/","title":{"rendered":"Us\u0142ugi spawalnicze"},"content":{"rendered":"\n<p>W CKZ mo\u017cecie Pa\u0144stwo skorzysta\u0107 z us\u0142ug spawania, zgrzewania i ci\u0119cia metali. <br>Wykonujemy:<\/p>\n\n\n\n<ul class=\"wp-block-list\">\n<li>spawanie metod\u0105 MIG\/MAG \u2013 jest to&nbsp;rodzaj spawania z&nbsp;wykorzystaniem elektrody topliwej; spawanie MIG\/MAG jest bardzo wydajne i&nbsp;pozwala osi\u0105gn\u0105\u0107 bardzo dobre jako\u015bci spoiny w&nbsp;spos\u00f3b automatyczny lub&nbsp;p\u00f3\u0142automatyczny;<br><\/li>\n\n\n\n<li>spawanie MMA &#8211; w metodzie tej wykorzystywana jest&nbsp;elektroda otulona, kt\u00f3ra sk\u0142ada si\u0119 z metalowego rdzenia pokrytego sprasowan\u0105 otulin\u0105. Pomi\u0119dzy ko\u0144cem elektrody a spawanym materia\u0142em wytwarzany jest \u0142uk elektryczny;<br><\/li>\n\n\n\n<li>ci\u0119cie plazm\u0105 &#8211;  polega na topieniu i wyrzucaniu metalu ze szczeliny&nbsp;<strong>ci\u0119cia<\/strong>&nbsp;silnie skoncentrowanym plazmowym \u0142ukiem elektrycznym o du\u017cej energii kinetycznej, jarz\u0105cym si\u0119 mi\u0119dzy elektrod\u0105 nietopliw\u0105 a ci\u0119tym przedmiotem. Plazma tworzona jest za pomoc\u0105 palnika do&nbsp;<strong>ci\u0119cia<\/strong>&nbsp;plazm\u0105<br><\/li>\n\n\n\n<li>zgrzewanie punktowe &#8211; to metoda, w kt\u00f3rej \u0142\u0105czenie element\u00f3w odbywa si\u0119 w oddzielonych od siebie miejscach\/punktach, maj\u0105c na uwadze to, \u017ce tworzy\u0107 si\u0119 mo\u017ce jednocze\u015bnie jedna (zazwyczaj), dwie lub wi\u0119cej zgrzein.<\/li>\n<\/ul>\n\n\n\n<p>Us\u0142ugi wykonywane s\u0105 w przystosowanych i w pe\u0142ni wyposa\u017conych pomieszczeniach CKZ pod okiem nauczycieli &#8211; fachowc\u00f3w.<br>Us\u0142ugi wyceniane s\u0105 indywidualnie po zapoznaniu si\u0119 z projektem i uzgodnieniu warunk\u00f3w realizacji.<\/p>\n\n\n\n<p><\/p>\n","protected":false},"excerpt":{"rendered":"<p>W CKZ mo\u017cecie Pa\u0144stwo skorzysta\u0107 z us\u0142ug spawania, zgrzewania i ci\u0119cia metali. Wykonujemy: Us\u0142ugi wykonywane s\u0105 w przystosowanych i w pe\u0142ni wyposa\u017conych pomieszczeniach CKZ pod okiem nauczycieli &#8211; fachowc\u00f3w.Us\u0142ugi wyceniane s\u0105 indywidualnie po zapoznaniu si\u0119 z projektem i uzgodnieniu warunk\u00f3w realizacji.<\/p>\n","protected":false},"author":2,"featured_media":0,"parent":0,"menu_order":0,"comment_status":"closed","ping_status":"closed","template":"","meta":{"_themeisle_gutenberg_block_has_review":false,"footnotes":""},"class_list":["post-434","page","type-page","status-publish","hentry"],"_links":{"self":[{"href":"https:\/\/ckz.zsgsucha.pl\/index.php\/wp-json\/wp\/v2\/pages\/434","targetHints":{"allow":["GET"]}}],"collection":[{"href":"https:\/\/ckz.zsgsucha.pl\/index.php\/wp-json\/wp\/v2\/pages"}],"about":[{"href":"https:\/\/ckz.zsgsucha.pl\/index.php\/wp-json\/wp\/v2\/types\/page"}],"author":[{"embeddable":true,"href":"https:\/\/ckz.zsgsucha.pl\/index.php\/wp-json\/wp\/v2\/users\/2"}],"replies":[{"embeddable":true,"href":"https:\/\/ckz.zsgsucha.pl\/index.php\/wp-json\/wp\/v2\/comments?post=434"}],"version-history":[{"count":4,"href":"https:\/\/ckz.zsgsucha.pl\/index.php\/wp-json\/wp\/v2\/pages\/434\/revisions"}],"predecessor-version":[{"id":507,"href":"https:\/\/ckz.zsgsucha.pl\/index.php\/wp-json\/wp\/v2\/pages\/434\/revisions\/507"}],"wp:attachment":[{"href":"https:\/\/ckz.zsgsucha.pl\/index.php\/wp-json\/wp\/v2\/media?parent=434"}],"curies":[{"name":"wp","href":"https:\/\/api.w.org\/{rel}","templated":true}]}}