{"id":440,"date":"2025-02-15T10:53:25","date_gmt":"2025-02-15T09:53:25","guid":{"rendered":"https:\/\/ckz.zsgsucha.pl\/?page_id=440"},"modified":"2025-02-15T10:53:26","modified_gmt":"2025-02-15T09:53:26","slug":"uslugi-slusarskie","status":"publish","type":"page","link":"https:\/\/ckz.zsgsucha.pl\/index.php\/uslugi-slusarskie\/","title":{"rendered":"Us\u0142ugi \u015blusarskie"},"content":{"rendered":"\n<p>W profesjonalnie wyposa\u017conych warsztatach \u015blusarskich CKZ oferujemy zasadnicze us\u0142ugi obejmuj\u0105ce m.in.: ci\u0119cie, pi\u0142owanie, szlifowanie, polerowanie, wiercenie, gwintowanie.\u00a0Do wszystkich tych zada\u0144 wykorzystujemy nowoczesne maszyny sterowane numerycznie, ale te\u017c tradycyjne narz\u0119dzia rzemie\u015blnicze. <\/p>\n\n\n\n<p>Us\u0142ugi \u015bwiadcz\u0105 nasi uczniowie, kt\u00f3rzy pracuj\u0105 pod czujnym okiem nauczycieli zawodu.<br>Cena us\u0142ugi wyliczana jest indywidualnie.<\/p>\n\n\n\n<p><\/p>\n","protected":false},"excerpt":{"rendered":"<p>W profesjonalnie wyposa\u017conych warsztatach \u015blusarskich CKZ oferujemy zasadnicze us\u0142ugi obejmuj\u0105ce m.in.: ci\u0119cie, pi\u0142owanie, szlifowanie, polerowanie, wiercenie, gwintowanie.\u00a0Do wszystkich tych zada\u0144 wykorzystujemy nowoczesne maszyny sterowane numerycznie, ale te\u017c tradycyjne narz\u0119dzia rzemie\u015blnicze. Us\u0142ugi \u015bwiadcz\u0105 nasi uczniowie, kt\u00f3rzy pracuj\u0105 pod czujnym okiem nauczycieli zawodu.Cena us\u0142ugi wyliczana jest indywidualnie.<\/p>\n","protected":false},"author":2,"featured_media":0,"parent":0,"menu_order":0,"comment_status":"closed","ping_status":"closed","template":"","meta":{"_themeisle_gutenberg_block_has_review":false,"footnotes":""},"class_list":["post-440","page","type-page","status-publish","hentry"],"_links":{"self":[{"href":"https:\/\/ckz.zsgsucha.pl\/index.php\/wp-json\/wp\/v2\/pages\/440","targetHints":{"allow":["GET"]}}],"collection":[{"href":"https:\/\/ckz.zsgsucha.pl\/index.php\/wp-json\/wp\/v2\/pages"}],"about":[{"href":"https:\/\/ckz.zsgsucha.pl\/index.php\/wp-json\/wp\/v2\/types\/page"}],"author":[{"embeddable":true,"href":"https:\/\/ckz.zsgsucha.pl\/index.php\/wp-json\/wp\/v2\/users\/2"}],"replies":[{"embeddable":true,"href":"https:\/\/ckz.zsgsucha.pl\/index.php\/wp-json\/wp\/v2\/comments?post=440"}],"version-history":[{"count":1,"href":"https:\/\/ckz.zsgsucha.pl\/index.php\/wp-json\/wp\/v2\/pages\/440\/revisions"}],"predecessor-version":[{"id":441,"href":"https:\/\/ckz.zsgsucha.pl\/index.php\/wp-json\/wp\/v2\/pages\/440\/revisions\/441"}],"wp:attachment":[{"href":"https:\/\/ckz.zsgsucha.pl\/index.php\/wp-json\/wp\/v2\/media?parent=440"}],"curies":[{"name":"wp","href":"https:\/\/api.w.org\/{rel}","templated":true}]}}