{"id":671,"date":"2025-02-21T22:38:27","date_gmt":"2025-02-21T21:38:27","guid":{"rendered":"https:\/\/ckz.zsgsucha.pl\/?page_id=671"},"modified":"2025-12-05T09:45:48","modified_gmt":"2025-12-05T08:45:48","slug":"kursy-wyjazdy-staze","status":"publish","type":"page","link":"https:\/\/ckz.zsgsucha.pl\/index.php\/kursy-wyjazdy-staze\/","title":{"rendered":"Kursy\/wyjazdy\/sta\u017ce\/warsztaty"},"content":{"rendered":"\t\t<div data-elementor-type=\"wp-page\" data-elementor-id=\"671\" class=\"elementor elementor-671\">\n\t\t\t\t<div class=\"elementor-element elementor-element-9121c5a e-flex e-con-boxed e-con e-parent\" data-id=\"9121c5a\" data-element_type=\"container\">\n\t\t\t\t\t<div class=\"e-con-inner\">\n\t\t\t\t<div class=\"elementor-element elementor-element-8984e11 elementor-widget elementor-widget-text-editor\" data-id=\"8984e11\" data-element_type=\"widget\" data-widget_type=\"text-editor.default\">\n\t\t\t\t<div class=\"elementor-widget-container\">\n\t\t\t\t\t\t\t\t\t<h4><strong>\u00a0 \u00a0 \u00a0 \u00a0 \u00a0 \u00a0 \u00a0 \u00a0 \u00a0 \u00a0 \u00a0 \u00a0 \u00a0 \u00a0 UWAGA! Dokumenty rekrutacyjne mo\u017cna pobra\u0107 w zak\u0142adce DO POBRANIA<\/strong><\/h4>\t\t\t\t\t\t\t\t<\/div>\n\t\t\t\t<\/div>\n\t\t\t\t\t<\/div>\n\t\t\t\t<\/div>\n\t\t<div class=\"elementor-element elementor-element-9f9ceca e-grid e-con-boxed e-con e-parent\" data-id=\"9f9ceca\" data-element_type=\"container\">\n\t\t\t\t\t<div class=\"e-con-inner\">\n\t\t\t\t<div class=\"elementor-element elementor-element-29c3729 elementor-widget elementor-widget-image\" data-id=\"29c3729\" data-element_type=\"widget\" data-widget_type=\"image.default\">\n\t\t\t\t<div class=\"elementor-widget-container\">\n\t\t\t\t\t\t\t\t\t\t\t\t\t\t\t\t<a href=\"https:\/\/ckz.zsgsucha.pl\/index.php\/kursy-dla-uczniow\/\">\n\t\t\t\t\t\t\t<img decoding=\"async\" width=\"300\" height=\"100\" src=\"https:\/\/ckz.zsgsucha.pl\/wp-content\/uploads\/2025\/02\/kursy_dla_uczniow-300x100.png\" class=\"attachment-medium size-medium wp-image-689\" alt=\"\" srcset=\"https:\/\/ckz.zsgsucha.pl\/wp-content\/uploads\/2025\/02\/kursy_dla_uczniow-300x100.png 300w, https:\/\/ckz.zsgsucha.pl\/wp-content\/uploads\/2025\/02\/kursy_dla_uczniow.png 391w\" sizes=\"(max-width: 300px) 100vw, 300px\" \/>\t\t\t\t\t\t\t\t<\/a>\n\t\t\t\t\t\t\t\t\t\t\t\t\t\t\t<\/div>\n\t\t\t\t<\/div>\n\t\t\t\t<div class=\"elementor-element elementor-element-2d04cc2 elementor-widget elementor-widget-image\" data-id=\"2d04cc2\" data-element_type=\"widget\" data-widget_type=\"image.default\">\n\t\t\t\t<div class=\"elementor-widget-container\">\n\t\t\t\t\t\t\t\t\t\t\t\t\t\t\t\t<a href=\"https:\/\/ckz.zsgsucha.pl\/index.php\/wyjazdy-zawodoznawcze\/\">\n\t\t\t\t\t\t\t<img decoding=\"async\" width=\"300\" height=\"100\" src=\"https:\/\/ckz.zsgsucha.pl\/wp-content\/uploads\/2025\/02\/wycieczki_z-300x100.png\" class=\"attachment-medium size-medium wp-image-680\" alt=\"\" srcset=\"https:\/\/ckz.zsgsucha.pl\/wp-content\/uploads\/2025\/02\/wycieczki_z-300x100.png 300w, https:\/\/ckz.zsgsucha.pl\/wp-content\/uploads\/2025\/02\/wycieczki_z.png 391w\" sizes=\"(max-width: 300px) 100vw, 300px\" \/>\t\t\t\t\t\t\t\t<\/a>\n\t\t\t\t\t\t\t\t\t\t\t\t\t\t\t<\/div>\n\t\t\t\t<\/div>\n\t\t\t\t<div class=\"elementor-element elementor-element-a3ea1b9 elementor-widget elementor-widget-image\" data-id=\"a3ea1b9\" data-element_type=\"widget\" data-widget_type=\"image.default\">\n\t\t\t\t<div class=\"elementor-widget-container\">\n\t\t\t\t\t\t\t\t\t\t\t\t\t\t\t\t<a href=\"https:\/\/ckz.zsgsucha.pl\/index.php\/staze-wakacyjne-2025\/\">\n\t\t\t\t\t\t\t<img decoding=\"async\" width=\"300\" height=\"111\" src=\"https:\/\/ckz.zsgsucha.pl\/wp-content\/uploads\/2025\/04\/staze-wakacyjne-300x111.jpg\" class=\"attachment-medium size-medium wp-image-904\" alt=\"\" srcset=\"https:\/\/ckz.zsgsucha.pl\/wp-content\/uploads\/2025\/04\/staze-wakacyjne-300x111.jpg 300w, https:\/\/ckz.zsgsucha.pl\/wp-content\/uploads\/2025\/04\/staze-wakacyjne.jpg 337w\" sizes=\"(max-width: 300px) 100vw, 300px\" \/>\t\t\t\t\t\t\t\t<\/a>\n\t\t\t\t\t\t\t\t\t\t\t\t\t\t\t<\/div>\n\t\t\t\t<\/div>\n\t\t\t\t<div class=\"elementor-element elementor-element-5677580 elementor-widget elementor-widget-image\" data-id=\"5677580\" data-element_type=\"widget\" data-widget_type=\"image.default\">\n\t\t\t\t<div class=\"elementor-widget-container\">\n\t\t\t\t\t\t\t\t\t\t\t\t\t\t\t\t<a href=\"https:\/\/ckz.zsgsucha.pl\/index.php\/warsztaty-z-zakresu-przeciwdzialania-przemocy-dyskryminacji-i-nierownosciom-dla-uczniow\/\">\n\t\t\t\t\t\t\t<img loading=\"lazy\" decoding=\"async\" width=\"391\" height=\"130\" src=\"https:\/\/ckz.zsgsucha.pl\/wp-content\/uploads\/2025\/02\/warszaty_dla_ucznio.png\" class=\"attachment-large size-large wp-image-684\" alt=\"\" srcset=\"https:\/\/ckz.zsgsucha.pl\/wp-content\/uploads\/2025\/02\/warszaty_dla_ucznio.png 391w, https:\/\/ckz.zsgsucha.pl\/wp-content\/uploads\/2025\/02\/warszaty_dla_ucznio-300x100.png 300w\" sizes=\"(max-width: 391px) 100vw, 391px\" \/>\t\t\t\t\t\t\t\t<\/a>\n\t\t\t\t\t\t\t\t\t\t\t\t\t\t\t<\/div>\n\t\t\t\t<\/div>\n\t\t\t\t\t<\/div>\n\t\t\t\t<\/div>\n\t\t\t\t<\/div>\n\t\t","protected":false},"excerpt":{"rendered":"<p>\u00a0 \u00a0 \u00a0 \u00a0 \u00a0 \u00a0 \u00a0 \u00a0 \u00a0 \u00a0 \u00a0 \u00a0 \u00a0 \u00a0 UWAGA! Dokumenty rekrutacyjne mo\u017cna pobra\u0107 w zak\u0142adce DO POBRANIA<\/p>\n","protected":false},"author":2,"featured_media":0,"parent":0,"menu_order":0,"comment_status":"closed","ping_status":"closed","template":"page-templates\/template-pagebuilder-full-width.php","meta":{"_themeisle_gutenberg_block_has_review":false,"footnotes":""},"class_list":["post-671","page","type-page","status-publish","hentry"],"_links":{"self":[{"href":"https:\/\/ckz.zsgsucha.pl\/index.php\/wp-json\/wp\/v2\/pages\/671","targetHints":{"allow":["GET"]}}],"collection":[{"href":"https:\/\/ckz.zsgsucha.pl\/index.php\/wp-json\/wp\/v2\/pages"}],"about":[{"href":"https:\/\/ckz.zsgsucha.pl\/index.php\/wp-json\/wp\/v2\/types\/page"}],"author":[{"embeddable":true,"href":"https:\/\/ckz.zsgsucha.pl\/index.php\/wp-json\/wp\/v2\/users\/2"}],"replies":[{"embeddable":true,"href":"https:\/\/ckz.zsgsucha.pl\/index.php\/wp-json\/wp\/v2\/comments?post=671"}],"version-history":[{"count":51,"href":"https:\/\/ckz.zsgsucha.pl\/index.php\/wp-json\/wp\/v2\/pages\/671\/revisions"}],"predecessor-version":[{"id":992,"href":"https:\/\/ckz.zsgsucha.pl\/index.php\/wp-json\/wp\/v2\/pages\/671\/revisions\/992"}],"wp:attachment":[{"href":"https:\/\/ckz.zsgsucha.pl\/index.php\/wp-json\/wp\/v2\/media?parent=671"}],"curies":[{"name":"wp","href":"https:\/\/api.w.org\/{rel}","templated":true}]}}