{"id":77,"date":"2025-02-12T22:57:52","date_gmt":"2025-02-12T21:57:52","guid":{"rendered":"https:\/\/ckz.zsgsucha.pl\/index.php\/strona-glowna-2\/"},"modified":"2025-12-05T11:47:36","modified_gmt":"2025-12-05T10:47:36","slug":"strona-glowna-2","status":"publish","type":"page","link":"https:\/\/ckz.zsgsucha.pl\/","title":{"rendered":"Strona g\u0142\u00f3wna"},"content":{"rendered":"\t\t<div data-elementor-type=\"wp-page\" data-elementor-id=\"77\" class=\"elementor elementor-77\">\n\t\t\t\t<div class=\"elementor-element elementor-element-1b5ad38 e-flex e-con-boxed e-con e-parent\" data-id=\"1b5ad38\" data-element_type=\"container\">\n\t\t\t\t\t<div class=\"e-con-inner\">\n\t\t\t\t<div class=\"elementor-element elementor-element-8679a65 elementor-widget elementor-widget-heading\" data-id=\"8679a65\" data-element_type=\"widget\" data-widget_type=\"heading.default\">\n\t\t\t\t<div class=\"elementor-widget-container\">\n\t\t\t\t\t<h3 class=\"elementor-heading-title elementor-size-default\">Aktualno\u015bci<\/h3>\t\t\t\t<\/div>\n\t\t\t\t<\/div>\n\t\t\t\t\t<\/div>\n\t\t\t\t<\/div>\n\t\t<div class=\"elementor-element elementor-element-8518eac e-grid e-con-boxed e-con e-parent\" data-id=\"8518eac\" data-element_type=\"container\">\n\t\t\t\t\t<div class=\"e-con-inner\">\n\t\t\t\t<div class=\"elementor-element elementor-element-8c653c8 elementor-widget elementor-widget-image\" data-id=\"8c653c8\" data-element_type=\"widget\" data-widget_type=\"image.default\">\n\t\t\t\t<div class=\"elementor-widget-container\">\n\t\t\t\t\t\t\t\t\t\t\t\t\t\t\t<img fetchpriority=\"high\" decoding=\"async\" width=\"896\" height=\"81\" src=\"https:\/\/ckz.zsgsucha.pl\/wp-content\/uploads\/2025\/12\/logo_wzmIII.jpg\" class=\"attachment-1536x1536 size-1536x1536 wp-image-993\" alt=\"\" srcset=\"https:\/\/ckz.zsgsucha.pl\/wp-content\/uploads\/2025\/12\/logo_wzmIII.jpg 896w, https:\/\/ckz.zsgsucha.pl\/wp-content\/uploads\/2025\/12\/logo_wzmIII-300x27.jpg 300w, https:\/\/ckz.zsgsucha.pl\/wp-content\/uploads\/2025\/12\/logo_wzmIII-768x69.jpg 768w\" sizes=\"(max-width: 896px) 100vw, 896px\" \/>\t\t\t\t\t\t\t\t\t\t\t\t\t\t\t<\/div>\n\t\t\t\t<\/div>\n\t\t\t\t<div class=\"elementor-element elementor-element-eabb05e elementor-widget elementor-widget-text-editor\" data-id=\"eabb05e\" data-element_type=\"widget\" data-widget_type=\"text-editor.default\">\n\t\t\t\t<div class=\"elementor-widget-container\">\n\t\t\t\t\t\t\t\t\t<h5>05.12.2024 &#8211; Traktor z przyczep\u0105 do nauki jazdy na kat. T na wyposa\u017ceniu Zespo\u0142u Szk\u00f3\u0142 im. W. Goetla w Suchej Beskidzkiej &#8211;&nbsp;<strong> zakup sfinansowany ze \u015brodk\u00f3w unijnych w ramach projektu<\/strong> <strong>&#8222;Wzmocnienie konkurencyjno\u015bci uczni\u00f3w na rynku pracy III&#8221;<\/strong>.<\/h5>\n<h5><\/h5>\n<p>Zesp\u00f3\u0142 Szk\u00f3\u0142 im. Walerego Goetla w Suchej Beskidzkiej wzbogaci\u0142 swoj\u0105 baz\u0119 dydaktyczn\u0105 o zesp\u00f3\u0142 pojazd\u00f3w do nauki jazdy kategorii T. Staraniem Starostwa Powiatowego w Suchej Beskidzkiej zakupiony zosta\u0142 ci\u0105gnik rolniczy marki Farmtrac 680 DTV Elegance oraz przyczepa marki Ursus T-041. Ju\u017c wkr\u00f3tce w Centrum Kszta\u0142cenia Zawodowego wchodz\u0105cego w sk\u0142ad naszej szko\u0142y rozpocznie si\u0119 szkolenie uczni\u00f3w w zakresie prawa jazdy kategorii T. Warto podkre\u015bli\u0107, \u017ce w tych kursach b\u0119d\u0105 mogli wzi\u0105\u0107 udzia\u0142 m\u0142odsi uczniowie z klas pierwszych i drugich technikum oraz bran\u017cowej szko\u0142y pierwszego stopnia, kt\u00f3rzy z uwagi na wiek, nie mog\u0105 uczestniczy\u0107 w kursach innych kategorii prawa jazdy oraz kursach operator\u00f3w w\u00f3zk\u00f3w jezdniowych oraz d\u017awignik\u00f3w HDS.<br>Kszta\u0142cenie w zakresie kierowania ci\u0105gnikami rolniczymi ma wyposa\u017cy\u0107 m\u0142odych mieszka\u0144c\u00f3w Powiatu Suskiego oraz powiat\u00f3w s\u0105siednich w umiej\u0119tno\u015bci niezb\u0119dne do bezpiecznego prowadzenia traktor\u00f3w, kt\u00f3re posiadaj\u0105 ich rodzice lub inni bliscy im ludzie. Dzia\u0142anie takie ma zapobiega\u0107 wypadkom w czasie wykonywania prac polowych i le\u015bnych z wykorzystaniem ci\u0105gnik\u00f3w rolniczych.<\/p>\n<p>Tekst przygotowany przez Dyrektora ZS im. Walerego Goetla dr in\u017c. S\u0142awomira Kudzi\u0119<\/p>\n<p><\/p>\n<h5><\/h5>\t\t\t\t\t\t\t\t<\/div>\n\t\t\t\t<\/div>\n\t\t\t\t\t<\/div>\n\t\t\t\t<\/div>\n\t\t<div class=\"elementor-element elementor-element-c4997af e-flex e-con-boxed e-con e-parent\" data-id=\"c4997af\" data-element_type=\"container\">\n\t\t\t\t\t<div class=\"e-con-inner\">\n\t\t\t\t<div class=\"elementor-element elementor-element-4fd5dca elementor-widget elementor-widget-image-gallery\" data-id=\"4fd5dca\" data-element_type=\"widget\" data-widget_type=\"image-gallery.default\">\n\t\t\t\t<div class=\"elementor-widget-container\">\n\t\t\t\t\t\t\t<div class=\"elementor-image-gallery\">\n\t\t\t\n\t\t<style type=\"text\/css\">\n\t\t\t#gallery-1 {\n\t\t\t\tmargin: auto;\n\t\t\t}\n\t\t\t#gallery-1 .gallery-item {\n\t\t\t\tfloat: left;\n\t\t\t\tmargin-top: 10px;\n\t\t\t\ttext-align: center;\n\t\t\t\twidth: 20%;\n\t\t\t}\n\t\t\t#gallery-1 img {\n\t\t\t\tborder: 2px solid #cfcfcf;\n\t\t\t}\n\t\t\t#gallery-1 .gallery-caption {\n\t\t\t\tmargin-left: 0;\n\t\t\t}\n\t\t\t\/* see gallery_shortcode() in wp-includes\/media.php *\/\n\t\t<\/style>\n\t\t<div id='gallery-1' class='gallery galleryid-77 gallery-columns-5 gallery-size-medium'><dl class='gallery-item'>\n\t\t\t<dt class='gallery-icon landscape'>\n\t\t\t\t<a data-elementor-open-lightbox=\"yes\" data-elementor-lightbox-slideshow=\"4fd5dca\" data-elementor-lightbox-title=\"traktor_4\" data-e-action-hash=\"#elementor-action%3Aaction%3Dlightbox%26settings%3DeyJpZCI6MTAyMywidXJsIjoiaHR0cHM6XC9cL2Nrei56c2dzdWNoYS5wbFwvd3AtY29udGVudFwvdXBsb2Fkc1wvMjAyNVwvMTJcL3RyYWt0b3JfNC5qcGVnIiwic2xpZGVzaG93IjoiNGZkNWRjYSJ9\" href='https:\/\/ckz.zsgsucha.pl\/wp-content\/uploads\/2025\/12\/traktor_4.jpeg'><img decoding=\"async\" width=\"300\" height=\"224\" src=\"https:\/\/ckz.zsgsucha.pl\/wp-content\/uploads\/2025\/12\/traktor_4-300x224.jpeg\" class=\"attachment-medium size-medium\" alt=\"\" srcset=\"https:\/\/ckz.zsgsucha.pl\/wp-content\/uploads\/2025\/12\/traktor_4-300x224.jpeg 300w, https:\/\/ckz.zsgsucha.pl\/wp-content\/uploads\/2025\/12\/traktor_4-1024x766.jpeg 1024w, https:\/\/ckz.zsgsucha.pl\/wp-content\/uploads\/2025\/12\/traktor_4-768x574.jpeg 768w, https:\/\/ckz.zsgsucha.pl\/wp-content\/uploads\/2025\/12\/traktor_4-1536x1149.jpeg 1536w, https:\/\/ckz.zsgsucha.pl\/wp-content\/uploads\/2025\/12\/traktor_4.jpeg 2000w\" sizes=\"(max-width: 300px) 100vw, 300px\" \/><\/a>\n\t\t\t<\/dt><\/dl><dl class='gallery-item'>\n\t\t\t<dt class='gallery-icon landscape'>\n\t\t\t\t<a data-elementor-open-lightbox=\"yes\" data-elementor-lightbox-slideshow=\"4fd5dca\" data-elementor-lightbox-title=\"traktor_1\" data-e-action-hash=\"#elementor-action%3Aaction%3Dlightbox%26settings%3DeyJpZCI6MTAyNCwidXJsIjoiaHR0cHM6XC9cL2Nrei56c2dzdWNoYS5wbFwvd3AtY29udGVudFwvdXBsb2Fkc1wvMjAyNVwvMTJcL3RyYWt0b3JfMS5qcGVnIiwic2xpZGVzaG93IjoiNGZkNWRjYSJ9\" href='https:\/\/ckz.zsgsucha.pl\/wp-content\/uploads\/2025\/12\/traktor_1.jpeg'><img decoding=\"async\" width=\"300\" height=\"224\" src=\"https:\/\/ckz.zsgsucha.pl\/wp-content\/uploads\/2025\/12\/traktor_1-300x224.jpeg\" class=\"attachment-medium size-medium\" alt=\"\" srcset=\"https:\/\/ckz.zsgsucha.pl\/wp-content\/uploads\/2025\/12\/traktor_1-300x224.jpeg 300w, https:\/\/ckz.zsgsucha.pl\/wp-content\/uploads\/2025\/12\/traktor_1-1024x766.jpeg 1024w, https:\/\/ckz.zsgsucha.pl\/wp-content\/uploads\/2025\/12\/traktor_1-768x574.jpeg 768w, https:\/\/ckz.zsgsucha.pl\/wp-content\/uploads\/2025\/12\/traktor_1-1536x1149.jpeg 1536w, https:\/\/ckz.zsgsucha.pl\/wp-content\/uploads\/2025\/12\/traktor_1.jpeg 2000w\" sizes=\"(max-width: 300px) 100vw, 300px\" \/><\/a>\n\t\t\t<\/dt><\/dl><dl class='gallery-item'>\n\t\t\t<dt class='gallery-icon landscape'>\n\t\t\t\t<a data-elementor-open-lightbox=\"yes\" data-elementor-lightbox-slideshow=\"4fd5dca\" data-elementor-lightbox-title=\"traktor_2\" data-e-action-hash=\"#elementor-action%3Aaction%3Dlightbox%26settings%3DeyJpZCI6MTAyNSwidXJsIjoiaHR0cHM6XC9cL2Nrei56c2dzdWNoYS5wbFwvd3AtY29udGVudFwvdXBsb2Fkc1wvMjAyNVwvMTJcL3RyYWt0b3JfMi5qcGVnIiwic2xpZGVzaG93IjoiNGZkNWRjYSJ9\" href='https:\/\/ckz.zsgsucha.pl\/wp-content\/uploads\/2025\/12\/traktor_2.jpeg'><img loading=\"lazy\" decoding=\"async\" width=\"300\" height=\"224\" src=\"https:\/\/ckz.zsgsucha.pl\/wp-content\/uploads\/2025\/12\/traktor_2-300x224.jpeg\" class=\"attachment-medium size-medium\" alt=\"\" srcset=\"https:\/\/ckz.zsgsucha.pl\/wp-content\/uploads\/2025\/12\/traktor_2-300x224.jpeg 300w, https:\/\/ckz.zsgsucha.pl\/wp-content\/uploads\/2025\/12\/traktor_2-1024x766.jpeg 1024w, https:\/\/ckz.zsgsucha.pl\/wp-content\/uploads\/2025\/12\/traktor_2-768x574.jpeg 768w, https:\/\/ckz.zsgsucha.pl\/wp-content\/uploads\/2025\/12\/traktor_2-1536x1149.jpeg 1536w, https:\/\/ckz.zsgsucha.pl\/wp-content\/uploads\/2025\/12\/traktor_2.jpeg 2000w\" sizes=\"(max-width: 300px) 100vw, 300px\" \/><\/a>\n\t\t\t<\/dt><\/dl><dl class='gallery-item'>\n\t\t\t<dt class='gallery-icon landscape'>\n\t\t\t\t<a data-elementor-open-lightbox=\"yes\" data-elementor-lightbox-slideshow=\"4fd5dca\" data-elementor-lightbox-title=\"traktor_3\" data-e-action-hash=\"#elementor-action%3Aaction%3Dlightbox%26settings%3DeyJpZCI6MTAyNiwidXJsIjoiaHR0cHM6XC9cL2Nrei56c2dzdWNoYS5wbFwvd3AtY29udGVudFwvdXBsb2Fkc1wvMjAyNVwvMTJcL3RyYWt0b3JfMy5qcGVnIiwic2xpZGVzaG93IjoiNGZkNWRjYSJ9\" href='https:\/\/ckz.zsgsucha.pl\/wp-content\/uploads\/2025\/12\/traktor_3.jpeg'><img loading=\"lazy\" decoding=\"async\" width=\"300\" height=\"224\" src=\"https:\/\/ckz.zsgsucha.pl\/wp-content\/uploads\/2025\/12\/traktor_3-300x224.jpeg\" class=\"attachment-medium size-medium\" alt=\"\" srcset=\"https:\/\/ckz.zsgsucha.pl\/wp-content\/uploads\/2025\/12\/traktor_3-300x224.jpeg 300w, https:\/\/ckz.zsgsucha.pl\/wp-content\/uploads\/2025\/12\/traktor_3-1024x766.jpeg 1024w, https:\/\/ckz.zsgsucha.pl\/wp-content\/uploads\/2025\/12\/traktor_3-768x574.jpeg 768w, https:\/\/ckz.zsgsucha.pl\/wp-content\/uploads\/2025\/12\/traktor_3-1536x1149.jpeg 1536w, https:\/\/ckz.zsgsucha.pl\/wp-content\/uploads\/2025\/12\/traktor_3.jpeg 2000w\" sizes=\"(max-width: 300px) 100vw, 300px\" \/><\/a>\n\t\t\t<\/dt><\/dl><dl class='gallery-item'>\n\t\t\t<dt class='gallery-icon landscape'>\n\t\t\t\t<a data-elementor-open-lightbox=\"yes\" data-elementor-lightbox-slideshow=\"4fd5dca\" data-elementor-lightbox-title=\"traktor_5\" data-e-action-hash=\"#elementor-action%3Aaction%3Dlightbox%26settings%3DeyJpZCI6MTAyNywidXJsIjoiaHR0cHM6XC9cL2Nrei56c2dzdWNoYS5wbFwvd3AtY29udGVudFwvdXBsb2Fkc1wvMjAyNVwvMTJcL3RyYWt0b3JfNS5qcGVnIiwic2xpZGVzaG93IjoiNGZkNWRjYSJ9\" href='https:\/\/ckz.zsgsucha.pl\/wp-content\/uploads\/2025\/12\/traktor_5.jpeg'><img loading=\"lazy\" decoding=\"async\" width=\"300\" height=\"224\" src=\"https:\/\/ckz.zsgsucha.pl\/wp-content\/uploads\/2025\/12\/traktor_5-300x224.jpeg\" class=\"attachment-medium size-medium\" alt=\"\" srcset=\"https:\/\/ckz.zsgsucha.pl\/wp-content\/uploads\/2025\/12\/traktor_5-300x224.jpeg 300w, https:\/\/ckz.zsgsucha.pl\/wp-content\/uploads\/2025\/12\/traktor_5-1024x766.jpeg 1024w, https:\/\/ckz.zsgsucha.pl\/wp-content\/uploads\/2025\/12\/traktor_5-768x574.jpeg 768w, https:\/\/ckz.zsgsucha.pl\/wp-content\/uploads\/2025\/12\/traktor_5-1536x1149.jpeg 1536w, https:\/\/ckz.zsgsucha.pl\/wp-content\/uploads\/2025\/12\/traktor_5.jpeg 2000w\" sizes=\"(max-width: 300px) 100vw, 300px\" \/><\/a>\n\t\t\t<\/dt><\/dl><br style=\"clear: both\" \/>\n\t\t<\/div>\n\t\t<\/div>\n\t\t\t\t\t\t<\/div>\n\t\t\t\t<\/div>\n\t\t\t\t\t<\/div>\n\t\t\t\t<\/div>\n\t\t\t\t<\/div>\n\t\t","protected":false},"excerpt":{"rendered":"<p>Aktualno\u015bci 05.12.2024 &#8211; Traktor z przyczep\u0105 do nauki jazdy na kat. T na wyposa\u017ceniu Zespo\u0142u Szk\u00f3\u0142 im. W. Goetla w Suchej Beskidzkiej &#8211;&nbsp; zakup sfinansowany ze \u015brodk\u00f3w unijnych w ramach projektu &#8222;Wzmocnienie konkurencyjno\u015bci uczni\u00f3w na rynku pracy III&#8221;. Zesp\u00f3\u0142 Szk\u00f3\u0142 im. Walerego Goetla w Suchej Beskidzkiej wzbogaci\u0142 swoj\u0105 baz\u0119 dydaktyczn\u0105 [&hellip;]<\/p>\n","protected":false},"author":1,"featured_media":0,"parent":0,"menu_order":0,"comment_status":"closed","ping_status":"closed","template":"","meta":{"_themeisle_gutenberg_block_has_review":false,"footnotes":""},"class_list":["post-77","page","type-page","status-publish","hentry"],"_links":{"self":[{"href":"https:\/\/ckz.zsgsucha.pl\/index.php\/wp-json\/wp\/v2\/pages\/77","targetHints":{"allow":["GET"]}}],"collection":[{"href":"https:\/\/ckz.zsgsucha.pl\/index.php\/wp-json\/wp\/v2\/pages"}],"about":[{"href":"https:\/\/ckz.zsgsucha.pl\/index.php\/wp-json\/wp\/v2\/types\/page"}],"author":[{"embeddable":true,"href":"https:\/\/ckz.zsgsucha.pl\/index.php\/wp-json\/wp\/v2\/users\/1"}],"replies":[{"embeddable":true,"href":"https:\/\/ckz.zsgsucha.pl\/index.php\/wp-json\/wp\/v2\/comments?post=77"}],"version-history":[{"count":85,"href":"https:\/\/ckz.zsgsucha.pl\/index.php\/wp-json\/wp\/v2\/pages\/77\/revisions"}],"predecessor-version":[{"id":1033,"href":"https:\/\/ckz.zsgsucha.pl\/index.php\/wp-json\/wp\/v2\/pages\/77\/revisions\/1033"}],"wp:attachment":[{"href":"https:\/\/ckz.zsgsucha.pl\/index.php\/wp-json\/wp\/v2\/media?parent=77"}],"curies":[{"name":"wp","href":"https:\/\/api.w.org\/{rel}","templated":true}]}}