{"id":986,"date":"2025-12-05T09:44:36","date_gmt":"2025-12-05T08:44:36","guid":{"rendered":"https:\/\/ckz.zsgsucha.pl\/?page_id=986"},"modified":"2025-12-05T09:44:36","modified_gmt":"2025-12-05T08:44:36","slug":"warsztaty-z-zakresu-przeciwdzialania-przemocy-dyskryminacji-i-nierownosciom-dla-uczniow","status":"publish","type":"page","link":"https:\/\/ckz.zsgsucha.pl\/index.php\/warsztaty-z-zakresu-przeciwdzialania-przemocy-dyskryminacji-i-nierownosciom-dla-uczniow\/","title":{"rendered":"Warsztaty z zakresu przeciwdzia\u0142ania przemocy, dyskryminacji i nier\u00f3wno\u015bciom dla uczni\u00f3w"},"content":{"rendered":"\n<figure class=\"wp-block-image size-large\"><img fetchpriority=\"high\" decoding=\"async\" width=\"1024\" height=\"696\" src=\"https:\/\/ckz.zsgsucha.pl\/wp-content\/uploads\/2025\/12\/warsztaty_o_przeciwdzialaniu_przemocy-1024x696.jpg\" alt=\"\" class=\"wp-image-987\" srcset=\"https:\/\/ckz.zsgsucha.pl\/wp-content\/uploads\/2025\/12\/warsztaty_o_przeciwdzialaniu_przemocy-1024x696.jpg 1024w, https:\/\/ckz.zsgsucha.pl\/wp-content\/uploads\/2025\/12\/warsztaty_o_przeciwdzialaniu_przemocy-300x204.jpg 300w, https:\/\/ckz.zsgsucha.pl\/wp-content\/uploads\/2025\/12\/warsztaty_o_przeciwdzialaniu_przemocy-768x522.jpg 768w, https:\/\/ckz.zsgsucha.pl\/wp-content\/uploads\/2025\/12\/warsztaty_o_przeciwdzialaniu_przemocy.jpg 1237w\" sizes=\"(max-width: 1024px) 100vw, 1024px\" \/><\/figure>\n","protected":false},"excerpt":{"rendered":"","protected":false},"author":2,"featured_media":0,"parent":0,"menu_order":0,"comment_status":"closed","ping_status":"closed","template":"","meta":{"_themeisle_gutenberg_block_has_review":false,"footnotes":""},"class_list":["post-986","page","type-page","status-publish","hentry"],"_links":{"self":[{"href":"https:\/\/ckz.zsgsucha.pl\/index.php\/wp-json\/wp\/v2\/pages\/986","targetHints":{"allow":["GET"]}}],"collection":[{"href":"https:\/\/ckz.zsgsucha.pl\/index.php\/wp-json\/wp\/v2\/pages"}],"about":[{"href":"https:\/\/ckz.zsgsucha.pl\/index.php\/wp-json\/wp\/v2\/types\/page"}],"author":[{"embeddable":true,"href":"https:\/\/ckz.zsgsucha.pl\/index.php\/wp-json\/wp\/v2\/users\/2"}],"replies":[{"embeddable":true,"href":"https:\/\/ckz.zsgsucha.pl\/index.php\/wp-json\/wp\/v2\/comments?post=986"}],"version-history":[{"count":1,"href":"https:\/\/ckz.zsgsucha.pl\/index.php\/wp-json\/wp\/v2\/pages\/986\/revisions"}],"predecessor-version":[{"id":988,"href":"https:\/\/ckz.zsgsucha.pl\/index.php\/wp-json\/wp\/v2\/pages\/986\/revisions\/988"}],"wp:attachment":[{"href":"https:\/\/ckz.zsgsucha.pl\/index.php\/wp-json\/wp\/v2\/media?parent=986"}],"curies":[{"name":"wp","href":"https:\/\/api.w.org\/{rel}","templated":true}]}}